{"id":8074,"date":"2016-01-19T10:18:33","date_gmt":"2016-01-19T10:18:33","guid":{"rendered":"http:\/\/senatordokum.com\/products\/"},"modified":"2023-08-09T18:22:06","modified_gmt":"2023-08-09T18:22:06","slug":"products","status":"publish","type":"page","link":"http:\/\/senatordokum.com\/en\/products\/","title":{"rendered":"Products"},"content":{"rendered":"\t\t<div data-elementor-type=\"wp-page\" data-elementor-id=\"8074\" class=\"elementor elementor-8074\">\n\t\t\t\t\t\t<section class=\"elementor-section elementor-top-section elementor-element elementor-element-688bcd0 elementor-section-full_width elementor-section-height-default elementor-section-height-default\" data-id=\"688bcd0\" data-element_type=\"section\" data-settings=\"{&quot;background_background&quot;:&quot;classic&quot;}\">\n\t\t\t\t\t\t<div class=\"elementor-container elementor-column-gap-default\">\n\t\t\t\t\t<div class=\"elementor-column elementor-col-100 elementor-top-column elementor-element elementor-element-8e1d03a\" data-id=\"8e1d03a\" data-element_type=\"column\">\n\t\t\t<div class=\"elementor-widget-wrap elementor-element-populated\">\n\t\t\t\t\t\t<div class=\"elementor-element elementor-element-523f416 elementor-widget elementor-widget-spacer\" data-id=\"523f416\" data-element_type=\"widget\" data-widget_type=\"spacer.default\">\n\t\t\t\t<div class=\"elementor-widget-container\">\n\t\t\t\t\t\t\t<div class=\"elementor-spacer\">\n\t\t\t<div class=\"elementor-spacer-inner\"><\/div>\n\t\t<\/div>\n\t\t\t\t\t\t<\/div>\n\t\t\t\t<\/div>\n\t\t\t\t\t<\/div>\n\t\t<\/div>\n\t\t\t\t\t<\/div>\n\t\t<\/section>\n\t\t\t\t<section class=\"elementor-section elementor-top-section elementor-element elementor-element-b00bd02 elementor-section-boxed elementor-section-height-default elementor-section-height-default\" data-id=\"b00bd02\" data-element_type=\"section\" data-settings=\"{&quot;background_background&quot;:&quot;classic&quot;}\">\n\t\t\t\t\t\t<div class=\"elementor-container elementor-column-gap-default\">\n\t\t\t\t\t<div class=\"elementor-column elementor-col-100 elementor-top-column elementor-element elementor-element-b00c14a\" data-id=\"b00c14a\" data-element_type=\"column\">\n\t\t\t<div class=\"elementor-widget-wrap elementor-element-populated\">\n\t\t\t\t\t\t<div class=\"elementor-element elementor-element-2fc2fd5 elementor-widget elementor-widget-vc_custom_heading\" data-id=\"2fc2fd5\" data-element_type=\"widget\" data-widget_type=\"vc_custom_heading.default\">\n\t\t\t\t<div class=\"elementor-widget-container\">\n\t\t\t\t\t<div class=\" vc_custom_heading  consulting_heading_font  text_align_center\" ><h1 style=\"font-size: 25px;color: #000000;text-align: center;font-weight:600\" class=\"consulting-custom-title\">Products\n<\/h1><\/div>\t\t\t\t<\/div>\n\t\t\t\t<\/div>\n\t\t\t\t<div class=\"elementor-element elementor-element-de9bb61 elementor-widget elementor-widget-stm_portfolio\" data-id=\"de9bb61\" data-element_type=\"widget\" data-widget_type=\"stm_portfolio.default\">\n\t\t\t\t<div class=\"elementor-widget-container\">\n\t\t\t\t\t\t\t\t<div class=\"consulting_portfolio_box\">\n\t\t\t\t\t\t\t\t<div class=\"consulting_portfolio_grid consulting_elementor_portfolio style_3 hover_zoom_and_plus column-3\">\n\t\t\t\t\t<div class=\"portfolio_item all urunler\">\n\n\t<a href=\"http:\/\/senatordokum.com\/en\/urunler\/snt-p40\/\" class=\"portfolio_link\">\n\t\t<span class=\"portfolio_item_thumbnail\">\n\t\t\t<img src='http:\/\/senatordokum.com\/wp-content\/uploads\/2023\/03\/SNT-P20-2.webp' alt='' \/>\t\t<\/span>\n\n\t\t<span class=\"portfolio_info\">\n\t\t\tSNT P40\t\t\t\t<span class=\"portfolio_category\">\u00dcr\u00fcnler<\/span>\n\t\t\t\t\t<\/span>\n\t<\/a>\n<\/div>\n<div class=\"portfolio_item all urunler\">\n\n\t<a href=\"http:\/\/senatordokum.com\/en\/urunler\/snt-x70\/\" class=\"portfolio_link\">\n\t\t<span class=\"portfolio_item_thumbnail\">\n\t\t\t<img src='http:\/\/senatordokum.com\/wp-content\/uploads\/2023\/03\/SNT-X70.webp' alt='' \/>\t\t<\/span>\n\n\t\t<span class=\"portfolio_info\">\n\t\t\tSNT X70\t\t\t\t<span class=\"portfolio_category\">\u00dcr\u00fcnler<\/span>\n\t\t\t\t\t<\/span>\n\t<\/a>\n<\/div>\n<div class=\"portfolio_item all urunler\">\n\n\t<a href=\"http:\/\/senatordokum.com\/en\/urunler\/snt-f40\/\" class=\"portfolio_link\">\n\t\t<span class=\"portfolio_item_thumbnail\">\n\t\t\t<img src='http:\/\/senatordokum.com\/wp-content\/uploads\/2023\/03\/SNT-F40-2.webp' alt='' \/>\t\t<\/span>\n\n\t\t<span class=\"portfolio_info\">\n\t\t\tSNT F40\t\t\t\t<span class=\"portfolio_category\">\u00dcr\u00fcnler<\/span>\n\t\t\t\t\t<\/span>\n\t<\/a>\n<\/div>\n<div class=\"portfolio_item all urunler\">\n\n\t<a href=\"http:\/\/senatordokum.com\/en\/urunler\/snt-z20\/\" class=\"portfolio_link\">\n\t\t<span class=\"portfolio_item_thumbnail\">\n\t\t\t<img src='http:\/\/senatordokum.com\/wp-content\/uploads\/2023\/03\/SNT-Z20-1.webp' alt='' \/>\t\t<\/span>\n\n\t\t<span class=\"portfolio_info\">\n\t\t\tSNT Z20\t\t\t\t<span class=\"portfolio_category\">\u00dcr\u00fcnler<\/span>\n\t\t\t\t\t<\/span>\n\t<\/a>\n<\/div>\n<div class=\"portfolio_item all urunler\">\n\n\t<a href=\"http:\/\/senatordokum.com\/en\/urunler\/snt-a16\/\" class=\"portfolio_link\">\n\t\t<span class=\"portfolio_item_thumbnail\">\n\t\t\t<img src='http:\/\/senatordokum.com\/wp-content\/uploads\/2023\/03\/SNT-A16-1.webp' alt='' \/>\t\t<\/span>\n\n\t\t<span class=\"portfolio_info\">\n\t\t\tSNT A16\t\t\t\t<span class=\"portfolio_category\">\u00dcr\u00fcnler<\/span>\n\t\t\t\t\t<\/span>\n\t<\/a>\n<\/div>\n<div class=\"portfolio_item all urunler\">\n\n\t<a href=\"http:\/\/senatordokum.com\/en\/urunler\/snt-k15\/\" class=\"portfolio_link\">\n\t\t<span class=\"portfolio_item_thumbnail\">\n\t\t\t<img src='http:\/\/senatordokum.com\/wp-content\/uploads\/2023\/03\/SNT-K15-3.webp' alt='' \/>\t\t<\/span>\n\n\t\t<span class=\"portfolio_info\">\n\t\t\tSNT K15\t\t\t\t<span class=\"portfolio_category\">\u00dcr\u00fcnler<\/span>\n\t\t\t\t\t<\/span>\n\t<\/a>\n<\/div>\n<div class=\"portfolio_item all urunler\">\n\n\t<a href=\"http:\/\/senatordokum.com\/en\/urunler\/snt-o14\/\" class=\"portfolio_link\">\n\t\t<span class=\"portfolio_item_thumbnail\">\n\t\t\t<img src='http:\/\/senatordokum.com\/wp-content\/uploads\/2023\/03\/SNT-O14-2.webp' alt='' \/>\t\t<\/span>\n\n\t\t<span class=\"portfolio_info\">\n\t\t\tSNT O14\t\t\t\t<span class=\"portfolio_category\">\u00dcr\u00fcnler<\/span>\n\t\t\t\t\t<\/span>\n\t<\/a>\n<\/div>\n<div class=\"portfolio_item all urunler\">\n\n\t<a href=\"http:\/\/senatordokum.com\/en\/urunler\/snt-p80\/\" class=\"portfolio_link\">\n\t\t<span class=\"portfolio_item_thumbnail\">\n\t\t\t<img src='http:\/\/senatordokum.com\/wp-content\/uploads\/2023\/03\/SNT-P80-1.webp' alt='' \/>\t\t<\/span>\n\n\t\t<span class=\"portfolio_info\">\n\t\t\tSNT P80\t\t\t\t<span class=\"portfolio_category\">\u00dcr\u00fcnler<\/span>\n\t\t\t\t\t<\/span>\n\t<\/a>\n<\/div>\n<div class=\"portfolio_item all urunler\">\n\n\t<a href=\"http:\/\/senatordokum.com\/en\/urunler\/snt-b12\/\" class=\"portfolio_link\">\n\t\t<span class=\"portfolio_item_thumbnail\">\n\t\t\t<img src='http:\/\/senatordokum.com\/wp-content\/uploads\/2023\/03\/SNT-B12-1.webp' alt='' \/>\t\t<\/span>\n\n\t\t<span class=\"portfolio_info\">\n\t\t\tSNT B12\t\t\t\t<span class=\"portfolio_category\">\u00dcr\u00fcnler<\/span>\n\t\t\t\t\t<\/span>\n\t<\/a>\n<\/div>\n<div class=\"portfolio_item all urunler\">\n\n\t<a href=\"http:\/\/senatordokum.com\/en\/urunler\/snt-b7\/\" class=\"portfolio_link\">\n\t\t<span class=\"portfolio_item_thumbnail\">\n\t\t\t<img src='http:\/\/senatordokum.com\/wp-content\/uploads\/2023\/03\/SNT-B7.webp' alt='' \/>\t\t<\/span>\n\n\t\t<span class=\"portfolio_info\">\n\t\t\tSNT B7\t\t\t\t<span class=\"portfolio_category\">\u00dcr\u00fcnler<\/span>\n\t\t\t\t\t<\/span>\n\t<\/a>\n<\/div>\n<div class=\"portfolio_item all urunler\">\n\n\t<a href=\"http:\/\/senatordokum.com\/en\/urunler\/snt-b20\/\" class=\"portfolio_link\">\n\t\t<span class=\"portfolio_item_thumbnail\">\n\t\t\t<img src='http:\/\/senatordokum.com\/wp-content\/uploads\/2023\/03\/SNT-B20-2.webp' alt='' \/>\t\t<\/span>\n\n\t\t<span class=\"portfolio_info\">\n\t\t\tSNT B20\t\t\t\t<span class=\"portfolio_category\">\u00dcr\u00fcnler<\/span>\n\t\t\t\t\t<\/span>\n\t<\/a>\n<\/div>\n<div class=\"portfolio_item all urunler\">\n\n\t<a href=\"http:\/\/senatordokum.com\/en\/urunler\/snt-b18\/\" class=\"portfolio_link\">\n\t\t<span class=\"portfolio_item_thumbnail\">\n\t\t\t<img src='http:\/\/senatordokum.com\/wp-content\/uploads\/2023\/03\/SNT-B18-2.webp' alt='' \/>\t\t<\/span>\n\n\t\t<span class=\"portfolio_info\">\n\t\t\tSNT B18\t\t\t\t<span class=\"portfolio_category\">\u00dcr\u00fcnler<\/span>\n\t\t\t\t\t<\/span>\n\t<\/a>\n<\/div>\n<div class=\"portfolio_item all urunler\">\n\n\t<a href=\"http:\/\/senatordokum.com\/en\/urunler\/snt-b15\/\" class=\"portfolio_link\">\n\t\t<span class=\"portfolio_item_thumbnail\">\n\t\t\t<img src='http:\/\/senatordokum.com\/wp-content\/uploads\/2023\/03\/SNT-B15.webp' alt='' \/>\t\t<\/span>\n\n\t\t<span class=\"portfolio_info\">\n\t\t\tSNT B15\t\t\t\t<span class=\"portfolio_category\">\u00dcr\u00fcnler<\/span>\n\t\t\t\t\t<\/span>\n\t<\/a>\n<\/div>\n<div class=\"portfolio_item all urunler\">\n\n\t<a href=\"http:\/\/senatordokum.com\/en\/urunler\/snt-33\/\" class=\"portfolio_link\">\n\t\t<span class=\"portfolio_item_thumbnail\">\n\t\t\t<img src='http:\/\/senatordokum.com\/wp-content\/uploads\/2023\/03\/SNT-33-6.webp' alt='' \/>\t\t<\/span>\n\n\t\t<span class=\"portfolio_info\">\n\t\t\tSNT 33\t\t\t\t<span class=\"portfolio_category\">\u00dcr\u00fcnler<\/span>\n\t\t\t\t\t<\/span>\n\t<\/a>\n<\/div>\n<div class=\"portfolio_item all urunler\">\n\n\t<a href=\"http:\/\/senatordokum.com\/en\/urunler\/snt-90\/\" class=\"portfolio_link\">\n\t\t<span class=\"portfolio_item_thumbnail\">\n\t\t\t<img src='http:\/\/senatordokum.com\/wp-content\/uploads\/2023\/03\/snt-90-6.webp' alt='' \/>\t\t<\/span>\n\n\t\t<span class=\"portfolio_info\">\n\t\t\tSNT 90\t\t\t\t<span class=\"portfolio_category\">\u00dcr\u00fcnler<\/span>\n\t\t\t\t\t<\/span>\n\t<\/a>\n<\/div>\n<div class=\"portfolio_item all urunler\">\n\n\t<a href=\"http:\/\/senatordokum.com\/en\/urunler\/snt-40\/\" class=\"portfolio_link\">\n\t\t<span class=\"portfolio_item_thumbnail\">\n\t\t\t<img src='http:\/\/senatordokum.com\/wp-content\/uploads\/2023\/03\/snt-40-1.webp' alt='' \/>\t\t<\/span>\n\n\t\t<span class=\"portfolio_info\">\n\t\t\tSNT 40\t\t\t\t<span class=\"portfolio_category\">\u00dcr\u00fcnler<\/span>\n\t\t\t\t\t<\/span>\n\t<\/a>\n<\/div>\n<div class=\"portfolio_item all urunler\">\n\n\t<a href=\"http:\/\/senatordokum.com\/en\/urunler\/snt-23\/\" class=\"portfolio_link\">\n\t\t<span class=\"portfolio_item_thumbnail\">\n\t\t\t<img src='http:\/\/senatordokum.com\/wp-content\/uploads\/2023\/02\/senator-dokum-urun1-7.webp' alt='' \/>\t\t<\/span>\n\n\t\t<span class=\"portfolio_info\">\n\t\t\tSNT 23\t\t\t\t<span class=\"portfolio_category\">\u00dcr\u00fcnler<\/span>\n\t\t\t\t\t<\/span>\n\t<\/a>\n<\/div>\n\t\t\t\t<\/div>\n\t\t\t\t\t\t\t<\/div>\n\t\t\t\t\t\t\t<\/div>\n\t\t\t\t<\/div>\n\t\t\t\t\t<\/div>\n\t\t<\/div>\n\t\t\t\t\t<\/div>\n\t\t<\/section>\n\t\t\t\t<section class=\"elementor-section elementor-top-section elementor-element elementor-element-123195c third_bg_color elementor-section-boxed elementor-section-height-default elementor-section-height-default\" data-id=\"123195c\" data-element_type=\"section\" data-settings=\"{&quot;background_background&quot;:&quot;classic&quot;}\">\n\t\t\t\t\t\t<div class=\"elementor-container elementor-column-gap-default\">\n\t\t\t\t\t<div class=\"elementor-column elementor-col-100 elementor-top-column elementor-element elementor-element-d1201e2\" data-id=\"d1201e2\" data-element_type=\"column\">\n\t\t\t<div class=\"elementor-widget-wrap elementor-element-populated\">\n\t\t\t\t\t\t<div class=\"elementor-element elementor-element-4c7d4f1 elementor-widget elementor-widget-vc_cta\" data-id=\"4c7d4f1\" data-element_type=\"widget\" data-widget_type=\"vc_cta.default\">\n\t\t\t\t<div class=\"elementor-widget-container\">\n\t\t\t\t\t\n<div class=\"ce_cta ce_cta_fef998c0d8dfa0756d30a8ce3f6ded88 ce_text_left third_bg_color add_button_right btn_align_right btn_button_block_true btn_has_icon btn_has_icon_on_the_right\" id=\"\">\n\t<div class=\"ce_cta__content\">\n\t\t<div class=\"ce_cta__content__header\">\n\t\t\t<h2  class='ce_cta__content__title '>Do you have a business plan? Contact us, let's create solutions<\/h2>\t\t<\/div>\n\t\t\t<\/div>\n\n\t\t<div class=\"ce_cta__action\">\n\t\t<a\n\t\t\thref=\"http:\/\/senatordokum.com\/contact-us\"\n\t\t\t\t\t\ttarget=\"_self\"\n\t\t\tclass=\"button\n\t\t\t\t\t\">\n\t\t\t<span>Contact Us<\/span>\n\t\t\t\t\t\t<i class=\"fa fa-chevron-right\"><\/i>\n\t\t\t\t\t<\/a>\n\t<\/div>\n\t<\/div>\n\t\t\t\t<\/div>\n\t\t\t\t<\/div>\n\t\t\t\t\t<\/div>\n\t\t<\/div>\n\t\t\t\t\t<\/div>\n\t\t<\/section>\n\t\t\t\t<\/div>\n\t\t","protected":false},"excerpt":{"rendered":"<p>Products SNT P40 \u00dcr\u00fcnler SNT X70 \u00dcr\u00fcnler SNT F40 \u00dcr\u00fcnler SNT Z20 \u00dcr\u00fcnler SNT A16 \u00dcr\u00fcnler SNT K15 \u00dcr\u00fcnler SNT O14 \u00dcr\u00fcnler SNT P80 \u00dcr\u00fcnler SNT B12 \u00dcr\u00fcnler SNT B7 \u00dcr\u00fcnler SNT B20 \u00dcr\u00fcnler SNT B18 \u00dcr\u00fcnler SNT B15 \u00dcr\u00fcnler SNT 33 \u00dcr\u00fcnler SNT 90 \u00dcr\u00fcnler SNT 40 \u00dcr\u00fcnler SNT 23 \u00dcr\u00fcnler Do you have<\/p>\n","protected":false},"author":1,"featured_media":0,"parent":0,"menu_order":0,"comment_status":"closed","ping_status":"closed","template":"","meta":{"footnotes":""},"class_list":["post-8074","page","type-page","status-publish","hentry"],"_links":{"self":[{"href":"http:\/\/senatordokum.com\/en\/wp-json\/wp\/v2\/pages\/8074","targetHints":{"allow":["GET"]}}],"collection":[{"href":"http:\/\/senatordokum.com\/en\/wp-json\/wp\/v2\/pages"}],"about":[{"href":"http:\/\/senatordokum.com\/en\/wp-json\/wp\/v2\/types\/page"}],"author":[{"embeddable":true,"href":"http:\/\/senatordokum.com\/en\/wp-json\/wp\/v2\/users\/1"}],"replies":[{"embeddable":true,"href":"http:\/\/senatordokum.com\/en\/wp-json\/wp\/v2\/comments?post=8074"}],"version-history":[{"count":4,"href":"http:\/\/senatordokum.com\/en\/wp-json\/wp\/v2\/pages\/8074\/revisions"}],"predecessor-version":[{"id":8081,"href":"http:\/\/senatordokum.com\/en\/wp-json\/wp\/v2\/pages\/8074\/revisions\/8081"}],"wp:attachment":[{"href":"http:\/\/senatordokum.com\/en\/wp-json\/wp\/v2\/media?parent=8074"}],"curies":[{"name":"wp","href":"https:\/\/api.w.org\/{rel}","templated":true}]}}